{"id":10863,"date":"2025-06-17T20:14:36","date_gmt":"2025-06-17T18:14:36","guid":{"rendered":"https:\/\/esbees.dk\/?page_id=10863"},"modified":"2026-04-14T11:38:26","modified_gmt":"2026-04-14T09:38:26","slug":"eu-presidency","status":"publish","type":"page","link":"https:\/\/esbees.dk\/en\/eu-presidency\/","title":{"rendered":"EU Presidency"},"content":{"rendered":"\t\t<div data-elementor-type=\"wp-page\" data-elementor-id=\"10863\" class=\"elementor elementor-10863\" data-elementor-post-type=\"page\">\n\t\t\t\t\t\t<section class=\"elementor-section elementor-top-section elementor-element elementor-element-f8cf232 elementor-section-height-min-height elementor-section-boxed elementor-section-height-default elementor-section-items-middle\" data-id=\"f8cf232\" data-element_type=\"section\" data-e-type=\"section\" data-settings=\"{&quot;background_background&quot;:&quot;classic&quot;,&quot;shape_divider_bottom&quot;:&quot;waves&quot;,&quot;shape_divider_bottom_negative&quot;:&quot;yes&quot;}\">\n\t\t\t\t\t\t\t<div class=\"elementor-background-overlay\"><\/div>\n\t\t\t\t\t\t<div class=\"elementor-shape elementor-shape-bottom\" aria-hidden=\"true\" data-negative=\"true\">\n\t\t\t<svg xmlns=\"http:\/\/www.w3.org\/2000\/svg\" viewBox=\"0 0 1000 100\" preserveAspectRatio=\"none\">\n\t<path class=\"elementor-shape-fill\" d=\"M790.5,93.1c-59.3-5.3-116.8-18-192.6-50c-29.6-12.7-76.9-31-100.5-35.9c-23.6-4.9-52.6-7.8-75.5-5.3\n\tc-10.2,1.1-22.6,1.4-50.1,7.4c-27.2,6.3-58.2,16.6-79.4,24.7c-41.3,15.9-94.9,21.9-134,22.6C72,58.2,0,25.8,0,25.8V100h1000V65.3\n\tc0,0-51.5,19.4-106.2,25.7C839.5,97,814.1,95.2,790.5,93.1z\"\/>\n<\/svg>\t\t<\/div>\n\t\t\t\t\t<div class=\"elementor-container elementor-column-gap-default\">\n\t\t\t\t\t<div class=\"elementor-column elementor-col-100 elementor-top-column elementor-element elementor-element-b3e9fd1\" data-id=\"b3e9fd1\" data-element_type=\"column\" data-e-type=\"column\">\n\t\t\t<div class=\"elementor-widget-wrap elementor-element-populated\">\n\t\t\t\t\t\t<div class=\"elementor-element elementor-element-3bea30e elementor-widget elementor-widget-heading\" data-id=\"3bea30e\" data-element_type=\"widget\" data-e-type=\"widget\" data-widget_type=\"heading.default\">\n\t\t\t\t<div class=\"elementor-widget-container\">\n\t\t\t\t\t<h1 class=\"elementor-heading-title elementor-size-default\">The Presidency of the Council of the European Union<\/h1>\t\t\t\t<\/div>\n\t\t\t\t<\/div>\n\t\t\t\t\t<\/div>\n\t\t<\/div>\n\t\t\t\t\t<\/div>\n\t\t<\/section>\n\t\t\t\t<section class=\"elementor-section elementor-top-section elementor-element elementor-element-664ef40 elementor-section-boxed elementor-section-height-default elementor-section-height-default\" data-id=\"664ef40\" data-element_type=\"section\" data-e-type=\"section\">\n\t\t\t\t\t\t<div class=\"elementor-container elementor-column-gap-default\">\n\t\t\t\t\t<div class=\"elementor-column elementor-col-100 elementor-top-column elementor-element elementor-element-c9a5421\" data-id=\"c9a5421\" data-element_type=\"column\" data-e-type=\"column\">\n\t\t\t<div class=\"elementor-widget-wrap elementor-element-populated\">\n\t\t\t\t\t\t<div class=\"elementor-element elementor-element-6be9c47 elementor-widget elementor-widget-image\" data-id=\"6be9c47\" data-element_type=\"widget\" data-e-type=\"widget\" data-widget_type=\"image.default\">\n\t\t\t\t<div class=\"elementor-widget-container\">\n\t\t\t\t\t\t\t\t\t\t\t\t\t\t\t<img fetchpriority=\"high\" decoding=\"async\" width=\"677\" height=\"954\" src=\"https:\/\/esbees.dk\/wp-content\/uploads\/2025\/06\/EuFormandsskabDone.jpg\" class=\"attachment-large size-large wp-image-10818\" alt=\"\" srcset=\"https:\/\/esbees.dk\/wp-content\/uploads\/2025\/06\/EuFormandsskabDone.jpg 677w, https:\/\/esbees.dk\/wp-content\/uploads\/2025\/06\/EuFormandsskabDone-213x300.jpg 213w, https:\/\/esbees.dk\/wp-content\/uploads\/2025\/06\/EuFormandsskabDone-600x845.jpg 600w\" sizes=\"(max-width: 677px) 100vw, 677px\" \/>\t\t\t\t\t\t\t\t\t\t\t\t\t\t\t<\/div>\n\t\t\t\t<\/div>\n\t\t\t\t\t<\/div>\n\t\t<\/div>\n\t\t\t\t\t<\/div>\n\t\t<\/section>\n\t\t\t\t<section class=\"elementor-section elementor-top-section elementor-element elementor-element-fc3d7ff elementor-section-boxed elementor-section-height-default elementor-section-height-default\" data-id=\"fc3d7ff\" data-element_type=\"section\" data-e-type=\"section\">\n\t\t\t\t\t\t<div class=\"elementor-container elementor-column-gap-default\">\n\t\t\t\t\t<div class=\"elementor-column elementor-col-100 elementor-top-column elementor-element elementor-element-757fe9a\" data-id=\"757fe9a\" data-element_type=\"column\" data-e-type=\"column\">\n\t\t\t<div class=\"elementor-widget-wrap elementor-element-populated\">\n\t\t\t\t\t\t<div class=\"elementor-element elementor-element-0eaa331 elementor-widget elementor-widget-heading\" data-id=\"0eaa331\" data-element_type=\"widget\" data-e-type=\"widget\" data-widget_type=\"heading.default\">\n\t\t\t\t<div class=\"elementor-widget-container\">\n\t\t\t\t\t<h3 class=\"elementor-heading-title elementor-size-default\">View the full DI-FoS brochure here.<\/h3>\t\t\t\t<\/div>\n\t\t\t\t<\/div>\n\t\t\t\t<div class=\"elementor-element elementor-element-e661ab9 elementor-align-center elementor-widget elementor-widget-button\" data-id=\"e661ab9\" data-element_type=\"widget\" data-e-type=\"widget\" data-widget_type=\"button.default\">\n\t\t\t\t<div class=\"elementor-widget-container\">\n\t\t\t\t\t\t\t\t\t<div class=\"elementor-button-wrapper\">\n\t\t\t\t\t<a class=\"elementor-button elementor-button-link elementor-size-sm\" href=\"https:\/\/www.sebrochure.dk\/DI_Forsvar\/WebView\">\n\t\t\t\t\t\t<span class=\"elementor-button-content-wrapper\">\n\t\t\t\t\t\t\t\t\t<span class=\"elementor-button-text\">DI-FOS Brochure<\/span>\n\t\t\t\t\t<\/span>\n\t\t\t\t\t<\/a>\n\t\t\t\t<\/div>\n\t\t\t\t\t\t\t\t<\/div>\n\t\t\t\t<\/div>\n\t\t\t\t\t<\/div>\n\t\t<\/div>\n\t\t\t\t\t<\/div>\n\t\t<\/section>\n\t\t\t\t<section class=\"elementor-section elementor-top-section elementor-element elementor-element-6a458f7 elementor-section-boxed elementor-section-height-default elementor-section-height-default\" data-id=\"6a458f7\" data-element_type=\"section\" data-e-type=\"section\" data-settings=\"{&quot;background_background&quot;:&quot;classic&quot;}\">\n\t\t\t\t\t\t<div class=\"elementor-container elementor-column-gap-default\">\n\t\t\t\t\t<div class=\"elementor-column elementor-col-100 elementor-top-column elementor-element elementor-element-6b041ec\" data-id=\"6b041ec\" data-element_type=\"column\" data-e-type=\"column\">\n\t\t\t<div class=\"elementor-widget-wrap elementor-element-populated\">\n\t\t\t\t\t\t<div class=\"elementor-element elementor-element-3b25cd2 elementor-widget elementor-widget-heading\" data-id=\"3b25cd2\" data-element_type=\"widget\" data-e-type=\"widget\" data-widget_type=\"heading.default\">\n\t\t\t\t<div class=\"elementor-widget-container\">\n\t\t\t\t\t<h2 class=\"elementor-heading-title elementor-size-default\">Need advice or training?<\/h2>\t\t\t\t<\/div>\n\t\t\t\t<\/div>\n\t\t\t\t<div class=\"elementor-element elementor-element-67b9a78 elementor-widget elementor-widget-heading\" data-id=\"67b9a78\" data-element_type=\"widget\" data-e-type=\"widget\" data-widget_type=\"heading.default\">\n\t\t\t\t<div class=\"elementor-widget-container\">\n\t\t\t\t\t<span class=\"elementor-heading-title elementor-size-default\">Start with an initial phone call, and let\u2019s find out how we can support you!<\/span>\t\t\t\t<\/div>\n\t\t\t\t<\/div>\n\t\t\t\t<div class=\"elementor-element elementor-element-d819676 elementor-align-center elementor-widget elementor-widget-button\" data-id=\"d819676\" data-element_type=\"widget\" data-e-type=\"widget\" data-widget_type=\"button.default\">\n\t\t\t\t<div class=\"elementor-widget-container\">\n\t\t\t\t\t\t\t\t\t<div class=\"elementor-button-wrapper\">\n\t\t\t\t\t<a class=\"elementor-button elementor-button-link elementor-size-sm\" href=\"https:\/\/esbees.dk\/en\/contact-us\/\">\n\t\t\t\t\t\t<span class=\"elementor-button-content-wrapper\">\n\t\t\t\t\t\t\t\t\t<span class=\"elementor-button-text\">Get in touch<\/span>\n\t\t\t\t\t<\/span>\n\t\t\t\t\t<\/a>\n\t\t\t\t<\/div>\n\t\t\t\t\t\t\t\t<\/div>\n\t\t\t\t<\/div>\n\t\t\t\t\t<\/div>\n\t\t<\/div>\n\t\t\t\t\t<\/div>\n\t\t<\/section>\n\t\t\t\t<\/div>\n\t\t","protected":false},"excerpt":{"rendered":"<p>ESBEES kan hj\u00e6lpe dig med professionel Headhunting, HR problematikker, kurser og offset. Skal vi hj\u00e6lpe dig?<\/p>\n","protected":false},"author":3,"featured_media":11655,"parent":0,"menu_order":0,"comment_status":"closed","ping_status":"closed","template":"elementor_header_footer","meta":{"_monsterinsights_skip_tracking":false,"_monsterinsights_sitenote_active":false,"_monsterinsights_sitenote_note":"","_monsterinsights_sitenote_category":0,"footnotes":""},"class_list":["post-10863","page","type-page","status-publish","has-post-thumbnail","hentry"],"yoast_head":"<!-- This site is optimized with the Yoast SEO plugin v27.4 - https:\/\/yoast.com\/product\/yoast-seo-wordpress\/ -->\n<title>ESBEES kan hj\u00e6lpe med Headhunting, HR og OFFSET<\/title>\n<meta name=\"description\" content=\"ESBEES kan hj\u00e6lpe dig med professionel Headhunting, HR problematikker, kurser og offset. Skal vi hj\u00e6lpe dig?\" \/>\n<meta name=\"robots\" content=\"index, follow, max-snippet:-1, max-image-preview:large, max-video-preview:-1\" \/>\n<link rel=\"canonical\" href=\"https:\/\/esbees.dk\/en\/eu-presidency\/\" \/>\n<meta property=\"og:locale\" content=\"en_US\" \/>\n<meta property=\"og:type\" content=\"article\" \/>\n<meta property=\"og:title\" content=\"ESBEES kan hj\u00e6lpe med Headhunting, HR og OFFSET\" \/>\n<meta property=\"og:description\" content=\"ESBEES kan hj\u00e6lpe dig med professionel Headhunting, HR problematikker, kurser og offset. Skal vi hj\u00e6lpe dig?\" \/>\n<meta property=\"og:url\" content=\"https:\/\/esbees.dk\/en\/eu-presidency\/\" \/>\n<meta property=\"og:site_name\" content=\"ESBEES\" \/>\n<meta property=\"article:publisher\" content=\"https:\/\/da-dk.facebook.com\/esbeesheadhunting\/\" \/>\n<meta property=\"article:modified_time\" content=\"2026-04-14T09:38:26+00:00\" \/>\n<meta property=\"og:image\" content=\"https:\/\/esbees.dk\/wp-content\/uploads\/2026\/04\/FaellesbilledeMedNr-1024x683.png\" \/>\n\t<meta property=\"og:image:width\" content=\"1024\" \/>\n\t<meta property=\"og:image:height\" content=\"683\" \/>\n\t<meta property=\"og:image:type\" content=\"image\/png\" \/>\n<meta name=\"twitter:card\" content=\"summary_large_image\" \/>\n<meta name=\"twitter:label1\" content=\"Est. reading time\" \/>\n\t<meta name=\"twitter:data1\" content=\"1 minute\" \/>\n<script type=\"application\/ld+json\" class=\"yoast-schema-graph\">{\"@context\":\"https:\\\/\\\/schema.org\",\"@graph\":[{\"@type\":\"WebPage\",\"@id\":\"https:\\\/\\\/esbees.dk\\\/en\\\/eu-presidency\\\/\",\"url\":\"https:\\\/\\\/esbees.dk\\\/en\\\/eu-presidency\\\/\",\"name\":\"ESBEES kan hj\u00e6lpe med Headhunting, HR og OFFSET\",\"isPartOf\":{\"@id\":\"https:\\\/\\\/esbees.dk\\\/#website\"},\"primaryImageOfPage\":{\"@id\":\"https:\\\/\\\/esbees.dk\\\/en\\\/eu-presidency\\\/#primaryimage\"},\"image\":{\"@id\":\"https:\\\/\\\/esbees.dk\\\/en\\\/eu-presidency\\\/#primaryimage\"},\"thumbnailUrl\":\"https:\\\/\\\/esbees.dk\\\/wp-content\\\/uploads\\\/2026\\\/04\\\/FaellesbilledeMedNr.png\",\"datePublished\":\"2025-06-17T18:14:36+00:00\",\"dateModified\":\"2026-04-14T09:38:26+00:00\",\"description\":\"ESBEES kan hj\u00e6lpe dig med professionel Headhunting, HR problematikker, kurser og offset. Skal vi hj\u00e6lpe dig?\",\"breadcrumb\":{\"@id\":\"https:\\\/\\\/esbees.dk\\\/en\\\/eu-presidency\\\/#breadcrumb\"},\"inLanguage\":\"en-US\",\"potentialAction\":[{\"@type\":\"ReadAction\",\"target\":[\"https:\\\/\\\/esbees.dk\\\/en\\\/eu-presidency\\\/\"]}]},{\"@type\":\"ImageObject\",\"inLanguage\":\"en-US\",\"@id\":\"https:\\\/\\\/esbees.dk\\\/en\\\/eu-presidency\\\/#primaryimage\",\"url\":\"https:\\\/\\\/esbees.dk\\\/wp-content\\\/uploads\\\/2026\\\/04\\\/FaellesbilledeMedNr.png\",\"contentUrl\":\"https:\\\/\\\/esbees.dk\\\/wp-content\\\/uploads\\\/2026\\\/04\\\/FaellesbilledeMedNr.png\",\"width\":1536,\"height\":1024,\"caption\":\"S\u00f8ren, Kirsten og SEP\"},{\"@type\":\"BreadcrumbList\",\"@id\":\"https:\\\/\\\/esbees.dk\\\/en\\\/eu-presidency\\\/#breadcrumb\",\"itemListElement\":[{\"@type\":\"ListItem\",\"position\":1,\"name\":\"Hjem\",\"item\":\"https:\\\/\\\/esbees.dk\\\/en\\\/\"},{\"@type\":\"ListItem\",\"position\":2,\"name\":\"EU Presidency\"}]},{\"@type\":\"WebSite\",\"@id\":\"https:\\\/\\\/esbees.dk\\\/#website\",\"url\":\"https:\\\/\\\/esbees.dk\\\/\",\"name\":\"ESBEES\",\"description\":\"Alt om headhuntervirksomheden\",\"publisher\":{\"@id\":\"https:\\\/\\\/esbees.dk\\\/#organization\"},\"potentialAction\":[{\"@type\":\"SearchAction\",\"target\":{\"@type\":\"EntryPoint\",\"urlTemplate\":\"https:\\\/\\\/esbees.dk\\\/?s={search_term_string}\"},\"query-input\":{\"@type\":\"PropertyValueSpecification\",\"valueRequired\":true,\"valueName\":\"search_term_string\"}}],\"inLanguage\":\"en-US\"},{\"@type\":\"Organization\",\"@id\":\"https:\\\/\\\/esbees.dk\\\/#organization\",\"name\":\"ESBEES\",\"url\":\"https:\\\/\\\/esbees.dk\\\/\",\"logo\":{\"@type\":\"ImageObject\",\"inLanguage\":\"en-US\",\"@id\":\"https:\\\/\\\/esbees.dk\\\/#\\\/schema\\\/logo\\\/image\\\/\",\"url\":\"https:\\\/\\\/esbees.dk\\\/wp-content\\\/uploads\\\/2021\\\/06\\\/esbees-logo.png\",\"contentUrl\":\"https:\\\/\\\/esbees.dk\\\/wp-content\\\/uploads\\\/2021\\\/06\\\/esbees-logo.png\",\"width\":435,\"height\":172,\"caption\":\"ESBEES\"},\"image\":{\"@id\":\"https:\\\/\\\/esbees.dk\\\/#\\\/schema\\\/logo\\\/image\\\/\"},\"sameAs\":[\"https:\\\/\\\/da-dk.facebook.com\\\/esbeesheadhunting\\\/\",\"https:\\\/\\\/www.linkedin.com\\\/company\\\/esbees-consulting-middle-east-aps\\\/?viewAsMember=true\"]}]}<\/script>\n<!-- \/ Yoast SEO plugin. -->","yoast_head_json":{"title":"ESBEES kan hj\u00e6lpe med Headhunting, HR og OFFSET","description":"ESBEES kan hj\u00e6lpe dig med professionel Headhunting, HR problematikker, kurser og offset. Skal vi hj\u00e6lpe dig?","robots":{"index":"index","follow":"follow","max-snippet":"max-snippet:-1","max-image-preview":"max-image-preview:large","max-video-preview":"max-video-preview:-1"},"canonical":"https:\/\/esbees.dk\/en\/eu-presidency\/","og_locale":"en_US","og_type":"article","og_title":"ESBEES kan hj\u00e6lpe med Headhunting, HR og OFFSET","og_description":"ESBEES kan hj\u00e6lpe dig med professionel Headhunting, HR problematikker, kurser og offset. Skal vi hj\u00e6lpe dig?","og_url":"https:\/\/esbees.dk\/en\/eu-presidency\/","og_site_name":"ESBEES","article_publisher":"https:\/\/da-dk.facebook.com\/esbeesheadhunting\/","article_modified_time":"2026-04-14T09:38:26+00:00","og_image":[{"width":1024,"height":683,"url":"https:\/\/esbees.dk\/wp-content\/uploads\/2026\/04\/FaellesbilledeMedNr-1024x683.png","type":"image\/png"}],"twitter_card":"summary_large_image","twitter_misc":{"Est. reading time":"1 minute"},"schema":{"@context":"https:\/\/schema.org","@graph":[{"@type":"WebPage","@id":"https:\/\/esbees.dk\/en\/eu-presidency\/","url":"https:\/\/esbees.dk\/en\/eu-presidency\/","name":"ESBEES kan hj\u00e6lpe med Headhunting, HR og OFFSET","isPartOf":{"@id":"https:\/\/esbees.dk\/#website"},"primaryImageOfPage":{"@id":"https:\/\/esbees.dk\/en\/eu-presidency\/#primaryimage"},"image":{"@id":"https:\/\/esbees.dk\/en\/eu-presidency\/#primaryimage"},"thumbnailUrl":"https:\/\/esbees.dk\/wp-content\/uploads\/2026\/04\/FaellesbilledeMedNr.png","datePublished":"2025-06-17T18:14:36+00:00","dateModified":"2026-04-14T09:38:26+00:00","description":"ESBEES kan hj\u00e6lpe dig med professionel Headhunting, HR problematikker, kurser og offset. Skal vi hj\u00e6lpe dig?","breadcrumb":{"@id":"https:\/\/esbees.dk\/en\/eu-presidency\/#breadcrumb"},"inLanguage":"en-US","potentialAction":[{"@type":"ReadAction","target":["https:\/\/esbees.dk\/en\/eu-presidency\/"]}]},{"@type":"ImageObject","inLanguage":"en-US","@id":"https:\/\/esbees.dk\/en\/eu-presidency\/#primaryimage","url":"https:\/\/esbees.dk\/wp-content\/uploads\/2026\/04\/FaellesbilledeMedNr.png","contentUrl":"https:\/\/esbees.dk\/wp-content\/uploads\/2026\/04\/FaellesbilledeMedNr.png","width":1536,"height":1024,"caption":"S\u00f8ren, Kirsten og SEP"},{"@type":"BreadcrumbList","@id":"https:\/\/esbees.dk\/en\/eu-presidency\/#breadcrumb","itemListElement":[{"@type":"ListItem","position":1,"name":"Hjem","item":"https:\/\/esbees.dk\/en\/"},{"@type":"ListItem","position":2,"name":"EU Presidency"}]},{"@type":"WebSite","@id":"https:\/\/esbees.dk\/#website","url":"https:\/\/esbees.dk\/","name":"ESBEES","description":"Alt om headhuntervirksomheden","publisher":{"@id":"https:\/\/esbees.dk\/#organization"},"potentialAction":[{"@type":"SearchAction","target":{"@type":"EntryPoint","urlTemplate":"https:\/\/esbees.dk\/?s={search_term_string}"},"query-input":{"@type":"PropertyValueSpecification","valueRequired":true,"valueName":"search_term_string"}}],"inLanguage":"en-US"},{"@type":"Organization","@id":"https:\/\/esbees.dk\/#organization","name":"ESBEES","url":"https:\/\/esbees.dk\/","logo":{"@type":"ImageObject","inLanguage":"en-US","@id":"https:\/\/esbees.dk\/#\/schema\/logo\/image\/","url":"https:\/\/esbees.dk\/wp-content\/uploads\/2021\/06\/esbees-logo.png","contentUrl":"https:\/\/esbees.dk\/wp-content\/uploads\/2021\/06\/esbees-logo.png","width":435,"height":172,"caption":"ESBEES"},"image":{"@id":"https:\/\/esbees.dk\/#\/schema\/logo\/image\/"},"sameAs":["https:\/\/da-dk.facebook.com\/esbeesheadhunting\/","https:\/\/www.linkedin.com\/company\/esbees-consulting-middle-east-aps\/?viewAsMember=true"]}]}},"_links":{"self":[{"href":"https:\/\/esbees.dk\/en\/wp-json\/wp\/v2\/pages\/10863","targetHints":{"allow":["GET"]}}],"collection":[{"href":"https:\/\/esbees.dk\/en\/wp-json\/wp\/v2\/pages"}],"about":[{"href":"https:\/\/esbees.dk\/en\/wp-json\/wp\/v2\/types\/page"}],"author":[{"embeddable":true,"href":"https:\/\/esbees.dk\/en\/wp-json\/wp\/v2\/users\/3"}],"replies":[{"embeddable":true,"href":"https:\/\/esbees.dk\/en\/wp-json\/wp\/v2\/comments?post=10863"}],"version-history":[{"count":0,"href":"https:\/\/esbees.dk\/en\/wp-json\/wp\/v2\/pages\/10863\/revisions"}],"wp:featuredmedia":[{"embeddable":true,"href":"https:\/\/esbees.dk\/en\/wp-json\/wp\/v2\/media\/11655"}],"wp:attachment":[{"href":"https:\/\/esbees.dk\/en\/wp-json\/wp\/v2\/media?parent=10863"}],"curies":[{"name":"wp","href":"https:\/\/api.w.org\/{rel}","templated":true}]}}