{"id":8448,"date":"2022-10-27T15:49:25","date_gmt":"2022-10-27T13:49:25","guid":{"rendered":"https:\/\/esbees.dk\/?page_id=8448"},"modified":"2024-10-31T10:49:01","modified_gmt":"2024-10-31T09:49:01","slug":"piukkunnartoq","status":"publish","type":"page","link":"https:\/\/esbees.dk\/kn\/piukkunnartoq\/","title":{"rendered":"Piukkunnartoq"},"content":{"rendered":"\t\t<div data-elementor-type=\"wp-page\" data-elementor-id=\"8448\" class=\"elementor elementor-8448\" data-elementor-post-type=\"page\">\n\t\t\t\t\t\t<section class=\"elementor-section elementor-top-section elementor-element elementor-element-6fd4d9c elementor-section-height-min-height elementor-section-boxed elementor-section-height-default elementor-section-items-middle\" data-id=\"6fd4d9c\" data-element_type=\"section\" data-e-type=\"section\" data-settings=\"{&quot;background_background&quot;:&quot;classic&quot;,&quot;shape_divider_bottom&quot;:&quot;waves&quot;,&quot;shape_divider_bottom_negative&quot;:&quot;yes&quot;}\">\n\t\t\t\t\t\t\t<div class=\"elementor-background-overlay\"><\/div>\n\t\t\t\t\t\t<div class=\"elementor-shape elementor-shape-bottom\" aria-hidden=\"true\" data-negative=\"true\">\n\t\t\t<svg xmlns=\"http:\/\/www.w3.org\/2000\/svg\" viewBox=\"0 0 1000 100\" preserveAspectRatio=\"none\">\n\t<path class=\"elementor-shape-fill\" d=\"M790.5,93.1c-59.3-5.3-116.8-18-192.6-50c-29.6-12.7-76.9-31-100.5-35.9c-23.6-4.9-52.6-7.8-75.5-5.3\n\tc-10.2,1.1-22.6,1.4-50.1,7.4c-27.2,6.3-58.2,16.6-79.4,24.7c-41.3,15.9-94.9,21.9-134,22.6C72,58.2,0,25.8,0,25.8V100h1000V65.3\n\tc0,0-51.5,19.4-106.2,25.7C839.5,97,814.1,95.2,790.5,93.1z\"\/>\n<\/svg>\t\t<\/div>\n\t\t\t\t\t<div class=\"elementor-container elementor-column-gap-default\">\n\t\t\t\t\t<div class=\"elementor-column elementor-col-100 elementor-top-column elementor-element elementor-element-3031ed8\" data-id=\"3031ed8\" data-element_type=\"column\" data-e-type=\"column\">\n\t\t\t<div class=\"elementor-widget-wrap elementor-element-populated\">\n\t\t\t\t\t\t<div class=\"elementor-element elementor-element-9a290e1 elementor-widget elementor-widget-heading\" data-id=\"9a290e1\" data-element_type=\"widget\" data-e-type=\"widget\" data-widget_type=\"heading.default\">\n\t\t\t\t<div class=\"elementor-widget-container\">\n\t\t\t\t\t<h1 class=\"elementor-heading-title elementor-size-default\">ATORFINITTUSSARSIORNEQ <\/h1>\t\t\t\t<\/div>\n\t\t\t\t<\/div>\n\t\t\t\t\t<\/div>\n\t\t<\/div>\n\t\t\t\t\t<\/div>\n\t\t<\/section>\n\t\t\t\t<section class=\"elementor-section elementor-top-section elementor-element elementor-element-549b822 elementor-section-boxed elementor-section-height-default elementor-section-height-default\" data-id=\"549b822\" data-element_type=\"section\" data-e-type=\"section\">\n\t\t\t\t\t\t<div class=\"elementor-container elementor-column-gap-default\">\n\t\t\t\t\t<div class=\"elementor-column elementor-col-100 elementor-top-column elementor-element elementor-element-101c3fe\" data-id=\"101c3fe\" data-element_type=\"column\" data-e-type=\"column\">\n\t\t\t<div class=\"elementor-widget-wrap elementor-element-populated\">\n\t\t\t\t\t\t<div class=\"elementor-element elementor-element-c59947e elementor-widget elementor-widget-heading\" data-id=\"c59947e\" data-element_type=\"widget\" data-e-type=\"widget\" data-widget_type=\"heading.default\">\n\t\t\t\t<div class=\"elementor-widget-container\">\n\t\t\t\t\t<h2 class=\"elementor-heading-title elementor-size-default\">Pitsaasumik sukkasuumillu atorfinitsitsineq<\/h2>\t\t\t\t<\/div>\n\t\t\t\t<\/div>\n\t\t\t\t<div class=\"elementor-element elementor-element-c2d535b elementor-widget elementor-widget-text-editor\" data-id=\"c2d535b\" data-element_type=\"widget\" data-e-type=\"widget\" data-widget_type=\"text-editor.default\">\n\t\t\t\t<div class=\"elementor-widget-container\">\n\t\t\t\t\t\t\t\t\t<p>Pitsaasumik atorfinitsitsisartuunermi pingaaruteqarpoq misissuilluarsimanissaq, misilittagaqarneq, siammasissumik attaveqaqateqarneq, paasinnissinnaaneq tunniusimalluarnissarlu.<\/p><p>Tamanut qinnuteqartitsiffiunngitsuni isertuussisussaaffeqartumillu atsiukkani (NDA) suliaqarneq pingaarnertut suliaraarput.<\/p><p><strong>Atorfinitsinneqarsinnaasunik toqqortaasivipput atorluartarparput, imminullu salliutinnissat anguniarukku toqqortaasivitsinni imminut pilersigit.<\/strong><\/p><p>Toqqortaasivitsinniikkusukkuit, iserfissaq maliguk \u2013 sulinernilu misilittakkavit allattorsimaffiat (CV) allakkallu pingaarutillit allat nassiullugit.<\/p>\t\t\t\t\t\t\t\t<\/div>\n\t\t\t\t<\/div>\n\t\t\t\t<div class=\"elementor-element elementor-element-0fd082e elementor-align-center elementor-widget elementor-widget-button\" data-id=\"0fd082e\" data-element_type=\"widget\" data-e-type=\"widget\" data-widget_type=\"button.default\">\n\t\t\t\t<div class=\"elementor-widget-container\">\n\t\t\t\t\t\t\t\t\t<div class=\"elementor-button-wrapper\">\n\t\t\t\t\t<a class=\"elementor-button elementor-button-link elementor-size-md\" href=\"https:\/\/esbeesheadhuntingvs\u00f8renb\u00f8ges\u00f8rensen.reqruiting.com\/Pages\/Application\/CRMNewUser.aspx?id=2356\" target=\"_blank\">\n\t\t\t\t\t\t<span class=\"elementor-button-content-wrapper\">\n\t\t\t\t\t\t\t\t\t<span class=\"elementor-button-text\">Atorfinitsitassanik toqqorsivitsinnut ilanngugit <\/span>\n\t\t\t\t\t<\/span>\n\t\t\t\t\t<\/a>\n\t\t\t\t<\/div>\n\t\t\t\t\t\t\t\t<\/div>\n\t\t\t\t<\/div>\n\t\t\t\t\t<\/div>\n\t\t<\/div>\n\t\t\t\t\t<\/div>\n\t\t<\/section>\n\t\t\t\t<\/div>\n\t\t","protected":false},"excerpt":{"rendered":"<p>ATORFINITTUSSARSIORNEQ Pitsaasumik sukkasuumillu atorfinitsitsineq Pitsaasumik atorfinitsitsisartuunermi pingaaruteqarpoq misissuilluarsimanissaq, misilittagaqarneq, siammasissumik attaveqaqateqarneq, paasinnissinnaaneq tunniusimalluarnissarlu. Tamanut qinnuteqartitsiffiunngitsuni isertuussisussaaffeqartumillu atsiukkani (NDA) suliaqarneq pingaarnertut suliaraarput. Atorfinitsinneqarsinnaasunik toqqortaasivipput atorluartarparput, imminullu salliutinnissat anguniarukku toqqortaasivitsinni imminut pilersigit. Toqqortaasivitsinniikkusukkuit, iserfissaq maliguk \u2013 sulinernilu misilittakkavit allattorsimaffiat (CV) allakkallu pingaarutillit allat nassiullugit. Atorfinitsitassanik toqqorsivitsinnut ilanngugit<\/p>\n","protected":false},"author":3,"featured_media":0,"parent":0,"menu_order":0,"comment_status":"closed","ping_status":"closed","template":"","meta":{"_monsterinsights_skip_tracking":false,"_monsterinsights_sitenote_active":false,"_monsterinsights_sitenote_note":"","_monsterinsights_sitenote_category":0,"footnotes":""},"class_list":["post-8448","page","type-page","status-publish","hentry"],"yoast_head":"<!-- This site is optimized with the Yoast SEO plugin v27.4 - https:\/\/yoast.com\/product\/yoast-seo-wordpress\/ -->\n<title>Piukkunnartoq - ESBEES<\/title>\n<meta name=\"robots\" content=\"index, follow, max-snippet:-1, max-image-preview:large, max-video-preview:-1\" \/>\n<link rel=\"canonical\" href=\"https:\/\/esbees.dk\/kn\/piukkunnartoq\/\" \/>\n<meta property=\"og:locale\" content=\"en_US\" \/>\n<meta property=\"og:type\" content=\"article\" \/>\n<meta property=\"og:title\" content=\"Piukkunnartoq - ESBEES\" \/>\n<meta property=\"og:description\" content=\"ATORFINITTUSSARSIORNEQ Pitsaasumik sukkasuumillu atorfinitsitsineq Pitsaasumik atorfinitsitsisartuunermi pingaaruteqarpoq misissuilluarsimanissaq, misilittagaqarneq, siammasissumik attaveqaqateqarneq, paasinnissinnaaneq tunniusimalluarnissarlu. Tamanut qinnuteqartitsiffiunngitsuni isertuussisussaaffeqartumillu atsiukkani (NDA) suliaqarneq pingaarnertut suliaraarput. Atorfinitsinneqarsinnaasunik toqqortaasivipput atorluartarparput, imminullu salliutinnissat anguniarukku toqqortaasivitsinni imminut pilersigit. Toqqortaasivitsinniikkusukkuit, iserfissaq maliguk \u2013 sulinernilu misilittakkavit allattorsimaffiat (CV) allakkallu pingaarutillit allat nassiullugit. Atorfinitsitassanik toqqorsivitsinnut ilanngugit\" \/>\n<meta property=\"og:url\" content=\"https:\/\/esbees.dk\/kn\/piukkunnartoq\/\" \/>\n<meta property=\"og:site_name\" content=\"ESBEES\" \/>\n<meta property=\"article:publisher\" content=\"https:\/\/da-dk.facebook.com\/esbeesheadhunting\/\" \/>\n<meta property=\"article:modified_time\" content=\"2024-10-31T09:49:01+00:00\" \/>\n<meta name=\"twitter:card\" content=\"summary_large_image\" \/>\n<meta name=\"twitter:label1\" content=\"Est. reading time\" \/>\n\t<meta name=\"twitter:data1\" content=\"1 minute\" \/>\n<script type=\"application\/ld+json\" class=\"yoast-schema-graph\">{\"@context\":\"https:\\\/\\\/schema.org\",\"@graph\":[{\"@type\":\"WebPage\",\"@id\":\"https:\\\/\\\/esbees.dk\\\/kn\\\/piukkunnartoq\\\/\",\"url\":\"https:\\\/\\\/esbees.dk\\\/kn\\\/piukkunnartoq\\\/\",\"name\":\"Piukkunnartoq - ESBEES\",\"isPartOf\":{\"@id\":\"https:\\\/\\\/esbees.dk\\\/#website\"},\"datePublished\":\"2022-10-27T13:49:25+00:00\",\"dateModified\":\"2024-10-31T09:49:01+00:00\",\"breadcrumb\":{\"@id\":\"https:\\\/\\\/esbees.dk\\\/kn\\\/piukkunnartoq\\\/#breadcrumb\"},\"inLanguage\":\"da-GL\",\"potentialAction\":[{\"@type\":\"ReadAction\",\"target\":[\"https:\\\/\\\/esbees.dk\\\/kn\\\/piukkunnartoq\\\/\"]}]},{\"@type\":\"BreadcrumbList\",\"@id\":\"https:\\\/\\\/esbees.dk\\\/kn\\\/piukkunnartoq\\\/#breadcrumb\",\"itemListElement\":[{\"@type\":\"ListItem\",\"position\":1,\"name\":\"Hjem\",\"item\":\"https:\\\/\\\/esbees.dk\\\/kn\\\/\"},{\"@type\":\"ListItem\",\"position\":2,\"name\":\"Piukkunnartoq\"}]},{\"@type\":\"WebSite\",\"@id\":\"https:\\\/\\\/esbees.dk\\\/#website\",\"url\":\"https:\\\/\\\/esbees.dk\\\/\",\"name\":\"ESBEES\",\"description\":\"Alt om headhuntervirksomheden\",\"publisher\":{\"@id\":\"https:\\\/\\\/esbees.dk\\\/#organization\"},\"potentialAction\":[{\"@type\":\"SearchAction\",\"target\":{\"@type\":\"EntryPoint\",\"urlTemplate\":\"https:\\\/\\\/esbees.dk\\\/?s={search_term_string}\"},\"query-input\":{\"@type\":\"PropertyValueSpecification\",\"valueRequired\":true,\"valueName\":\"search_term_string\"}}],\"inLanguage\":\"da-GL\"},{\"@type\":\"Organization\",\"@id\":\"https:\\\/\\\/esbees.dk\\\/#organization\",\"name\":\"ESBEES\",\"url\":\"https:\\\/\\\/esbees.dk\\\/\",\"logo\":{\"@type\":\"ImageObject\",\"inLanguage\":\"da-GL\",\"@id\":\"https:\\\/\\\/esbees.dk\\\/#\\\/schema\\\/logo\\\/image\\\/\",\"url\":\"https:\\\/\\\/esbees.dk\\\/wp-content\\\/uploads\\\/2021\\\/06\\\/esbees-logo.png\",\"contentUrl\":\"https:\\\/\\\/esbees.dk\\\/wp-content\\\/uploads\\\/2021\\\/06\\\/esbees-logo.png\",\"width\":435,\"height\":172,\"caption\":\"ESBEES\"},\"image\":{\"@id\":\"https:\\\/\\\/esbees.dk\\\/#\\\/schema\\\/logo\\\/image\\\/\"},\"sameAs\":[\"https:\\\/\\\/da-dk.facebook.com\\\/esbeesheadhunting\\\/\",\"https:\\\/\\\/www.linkedin.com\\\/company\\\/esbees-consulting-middle-east-aps\\\/?viewAsMember=true\"]}]}<\/script>\n<!-- \/ Yoast SEO plugin. -->","yoast_head_json":{"title":"Piukkunnartoq - ESBEES","robots":{"index":"index","follow":"follow","max-snippet":"max-snippet:-1","max-image-preview":"max-image-preview:large","max-video-preview":"max-video-preview:-1"},"canonical":"https:\/\/esbees.dk\/kn\/piukkunnartoq\/","og_locale":"en_US","og_type":"article","og_title":"Piukkunnartoq - ESBEES","og_description":"ATORFINITTUSSARSIORNEQ Pitsaasumik sukkasuumillu atorfinitsitsineq Pitsaasumik atorfinitsitsisartuunermi pingaaruteqarpoq misissuilluarsimanissaq, misilittagaqarneq, siammasissumik attaveqaqateqarneq, paasinnissinnaaneq tunniusimalluarnissarlu. Tamanut qinnuteqartitsiffiunngitsuni isertuussisussaaffeqartumillu atsiukkani (NDA) suliaqarneq pingaarnertut suliaraarput. Atorfinitsinneqarsinnaasunik toqqortaasivipput atorluartarparput, imminullu salliutinnissat anguniarukku toqqortaasivitsinni imminut pilersigit. Toqqortaasivitsinniikkusukkuit, iserfissaq maliguk \u2013 sulinernilu misilittakkavit allattorsimaffiat (CV) allakkallu pingaarutillit allat nassiullugit. Atorfinitsitassanik toqqorsivitsinnut ilanngugit","og_url":"https:\/\/esbees.dk\/kn\/piukkunnartoq\/","og_site_name":"ESBEES","article_publisher":"https:\/\/da-dk.facebook.com\/esbeesheadhunting\/","article_modified_time":"2024-10-31T09:49:01+00:00","twitter_card":"summary_large_image","twitter_misc":{"Est. reading time":"1 minute"},"schema":{"@context":"https:\/\/schema.org","@graph":[{"@type":"WebPage","@id":"https:\/\/esbees.dk\/kn\/piukkunnartoq\/","url":"https:\/\/esbees.dk\/kn\/piukkunnartoq\/","name":"Piukkunnartoq - ESBEES","isPartOf":{"@id":"https:\/\/esbees.dk\/#website"},"datePublished":"2022-10-27T13:49:25+00:00","dateModified":"2024-10-31T09:49:01+00:00","breadcrumb":{"@id":"https:\/\/esbees.dk\/kn\/piukkunnartoq\/#breadcrumb"},"inLanguage":"da-GL","potentialAction":[{"@type":"ReadAction","target":["https:\/\/esbees.dk\/kn\/piukkunnartoq\/"]}]},{"@type":"BreadcrumbList","@id":"https:\/\/esbees.dk\/kn\/piukkunnartoq\/#breadcrumb","itemListElement":[{"@type":"ListItem","position":1,"name":"Hjem","item":"https:\/\/esbees.dk\/kn\/"},{"@type":"ListItem","position":2,"name":"Piukkunnartoq"}]},{"@type":"WebSite","@id":"https:\/\/esbees.dk\/#website","url":"https:\/\/esbees.dk\/","name":"ESBEES","description":"Alt om headhuntervirksomheden","publisher":{"@id":"https:\/\/esbees.dk\/#organization"},"potentialAction":[{"@type":"SearchAction","target":{"@type":"EntryPoint","urlTemplate":"https:\/\/esbees.dk\/?s={search_term_string}"},"query-input":{"@type":"PropertyValueSpecification","valueRequired":true,"valueName":"search_term_string"}}],"inLanguage":"da-GL"},{"@type":"Organization","@id":"https:\/\/esbees.dk\/#organization","name":"ESBEES","url":"https:\/\/esbees.dk\/","logo":{"@type":"ImageObject","inLanguage":"da-GL","@id":"https:\/\/esbees.dk\/#\/schema\/logo\/image\/","url":"https:\/\/esbees.dk\/wp-content\/uploads\/2021\/06\/esbees-logo.png","contentUrl":"https:\/\/esbees.dk\/wp-content\/uploads\/2021\/06\/esbees-logo.png","width":435,"height":172,"caption":"ESBEES"},"image":{"@id":"https:\/\/esbees.dk\/#\/schema\/logo\/image\/"},"sameAs":["https:\/\/da-dk.facebook.com\/esbeesheadhunting\/","https:\/\/www.linkedin.com\/company\/esbees-consulting-middle-east-aps\/?viewAsMember=true"]}]}},"_links":{"self":[{"href":"https:\/\/esbees.dk\/kn\/wp-json\/wp\/v2\/pages\/8448","targetHints":{"allow":["GET"]}}],"collection":[{"href":"https:\/\/esbees.dk\/kn\/wp-json\/wp\/v2\/pages"}],"about":[{"href":"https:\/\/esbees.dk\/kn\/wp-json\/wp\/v2\/types\/page"}],"author":[{"embeddable":true,"href":"https:\/\/esbees.dk\/kn\/wp-json\/wp\/v2\/users\/3"}],"replies":[{"embeddable":true,"href":"https:\/\/esbees.dk\/kn\/wp-json\/wp\/v2\/comments?post=8448"}],"version-history":[{"count":0,"href":"https:\/\/esbees.dk\/kn\/wp-json\/wp\/v2\/pages\/8448\/revisions"}],"wp:attachment":[{"href":"https:\/\/esbees.dk\/kn\/wp-json\/wp\/v2\/media?parent=8448"}],"curies":[{"name":"wp","href":"https:\/\/api.w.org\/{rel}","templated":true}]}}